{"id":1409,"date":"2021-09-13T16:15:10","date_gmt":"2021-09-13T14:15:10","guid":{"rendered":"https:\/\/jb-morilles.ch\/?product=steinpilze-pulver"},"modified":"2025-11-12T13:57:20","modified_gmt":"2025-11-12T12:57:20","slug":"steinpilze-pulver","status":"publish","type":"product","link":"https:\/\/jb-morilles.ch\/de\/produkt\/steinpilze-pulver\/","title":{"rendered":"Steinpilze-Pulver"},"content":{"rendered":"<p>Ein wohlschmeckendes Pulver aus den besten Waldsteinpilzen. Ein bis zwei Kaffeel\u00f6ffel mit 2,5dl Rahm mischen dann mit Salz und Pfeffer w\u00fcrzen. Auf kleinem Feuer k\u00f6cheln, vom Feuer nehmen und ziehen lassen, vor dem Servieren nochmals aufw\u00e4rmen. Schon bereit!<\/p>\n<p>Netto-Gewicht: 20g<br \/>Herkunft: Europa<\/p>\n","protected":false},"excerpt":{"rendered":"<p>Ein wohlschmeckendes Pulver aus den besten Waldsteinpilzen. Ein bis zwei Kaffeel\u00f6ffel mit 2,5dl Rahm mischen dann mit Salz und Pfeffer w\u00fcrzen. Auf kleinem Feuer k\u00f6cheln, vom Feuer nehmen und ziehen lassen, vor dem Servieren nochmals aufw\u00e4rmen. Schon bereit!<\/p>\n<p>Netto-Gewicht: 20g<br \/>Herkunft: Europa<\/p>\n","protected":false},"featured_media":7470,"comment_status":"open","ping_status":"closed","template":"","meta":{"_acf_changed":false,"wprm-recipe-roundup-name":"","wprm-recipe-roundup-description":""},"product_brand":[],"product_cat":[410],"product_tag":[],"product_label":[],"class_list":{"0":"post-1409","1":"product","2":"type-product","3":"status-publish","4":"has-post-thumbnail","6":"product_cat-auswahl","8":"first","9":"outofstock","10":"taxable","11":"shipping-taxable","12":"purchasable","13":"product-type-simple"},"acf":[],"yoast_head":"<!-- This site is optimized with the Yoast SEO plugin v27.2 - https:\/\/yoast.com\/product\/yoast-seo-wordpress\/ -->\n<title>Steinpilze-Pulver &#8211; JB Morilles<\/title>\n<meta name=\"description\" content=\"Ein wohlschmeckendes Pulver aus den besten Waldsteinpilzen. Ein bis zwei Kaffeel\u00f6ffel mit 2,5dl Rahm mischen dann mit Salz und Pfeffer w\u00fcrzen. Auf kleinem Feuer k\u00f6cheln, vom Feuer nehmen und ziehen lassen, vor dem Servieren nochmals aufw\u00e4rmen. Schon bereit!\" \/>\n<meta name=\"robots\" content=\"index, follow, max-snippet:-1, max-image-preview:large, max-video-preview:-1\" \/>\n<link rel=\"canonical\" href=\"https:\/\/jb-morilles.ch\/de\/produkt\/steinpilze-pulver\/\" \/>\n<meta property=\"og:locale\" content=\"de_DE\" \/>\n<meta property=\"og:type\" content=\"article\" \/>\n<meta property=\"og:title\" content=\"Steinpilze-Pulver &#8211; JB Morilles\" \/>\n<meta property=\"og:description\" content=\"Ein wohlschmeckendes Pulver aus den besten Waldsteinpilzen. Ein bis zwei Kaffeel\u00f6ffel mit 2,5dl Rahm mischen dann mit Salz und Pfeffer w\u00fcrzen. Auf kleinem Feuer k\u00f6cheln, vom Feuer nehmen und ziehen lassen, vor dem Servieren nochmals aufw\u00e4rmen. Schon bereit!\" \/>\n<meta property=\"og:url\" content=\"https:\/\/jb-morilles.ch\/de\/produkt\/steinpilze-pulver\/\" \/>\n<meta property=\"og:site_name\" content=\"JB Morilles\" \/>\n<meta property=\"article:publisher\" content=\"https:\/\/www.facebook.com\/jbmorilles\/\" \/>\n<meta property=\"article:modified_time\" content=\"2025-11-12T12:57:20+00:00\" \/>\n<meta property=\"og:image\" content=\"https:\/\/jb-morilles.ch\/wp-content\/uploads\/2025\/10\/35poudreboletsjbmorilles.jpg\" \/>\n\t<meta property=\"og:image:width\" content=\"600\" \/>\n\t<meta property=\"og:image:height\" content=\"600\" \/>\n\t<meta property=\"og:image:type\" content=\"image\/jpeg\" \/>\n<meta name=\"twitter:card\" content=\"summary_large_image\" \/>\n<script type=\"application\/ld+json\" class=\"yoast-schema-graph\">{\"@context\":\"https:\/\/schema.org\",\"@graph\":[{\"@type\":\"WebPage\",\"@id\":\"https:\/\/jb-morilles.ch\/de\/produkt\/steinpilze-pulver\/\",\"url\":\"https:\/\/jb-morilles.ch\/de\/produkt\/steinpilze-pulver\/\",\"name\":\"Steinpilze-Pulver &#8211; JB Morilles\",\"isPartOf\":{\"@id\":\"https:\/\/jb-morilles.ch\/de\/#website\"},\"primaryImageOfPage\":{\"@id\":\"https:\/\/jb-morilles.ch\/de\/produkt\/steinpilze-pulver\/#primaryimage\"},\"image\":{\"@id\":\"https:\/\/jb-morilles.ch\/de\/produkt\/steinpilze-pulver\/#primaryimage\"},\"thumbnailUrl\":\"https:\/\/jb-morilles.ch\/wp-content\/uploads\/2025\/10\/35poudreboletsjbmorilles.jpg\",\"datePublished\":\"2021-09-13T14:15:10+00:00\",\"dateModified\":\"2025-11-12T12:57:20+00:00\",\"description\":\"Ein wohlschmeckendes Pulver aus den besten Waldsteinpilzen. Ein bis zwei Kaffeel\u00f6ffel mit 2,5dl Rahm mischen dann mit Salz und Pfeffer w\u00fcrzen. Auf kleinem Feuer k\u00f6cheln, vom Feuer nehmen und ziehen lassen, vor dem Servieren nochmals aufw\u00e4rmen. Schon bereit!\",\"breadcrumb\":{\"@id\":\"https:\/\/jb-morilles.ch\/de\/produkt\/steinpilze-pulver\/#breadcrumb\"},\"inLanguage\":\"de\",\"potentialAction\":[{\"@type\":\"ReadAction\",\"target\":[\"https:\/\/jb-morilles.ch\/de\/produkt\/steinpilze-pulver\/\"]}]},{\"@type\":\"ImageObject\",\"inLanguage\":\"de\",\"@id\":\"https:\/\/jb-morilles.ch\/de\/produkt\/steinpilze-pulver\/#primaryimage\",\"url\":\"https:\/\/jb-morilles.ch\/wp-content\/uploads\/2025\/10\/35poudreboletsjbmorilles.jpg\",\"contentUrl\":\"https:\/\/jb-morilles.ch\/wp-content\/uploads\/2025\/10\/35poudreboletsjbmorilles.jpg\",\"width\":600,\"height\":600,\"caption\":\"35-poudre-bolets-jb-morilles\"},{\"@type\":\"BreadcrumbList\",\"@id\":\"https:\/\/jb-morilles.ch\/de\/produkt\/steinpilze-pulver\/#breadcrumb\",\"itemListElement\":[{\"@type\":\"ListItem\",\"position\":1,\"name\":\"Accueil\",\"item\":\"https:\/\/jb-morilles.ch\/de\/\"},{\"@type\":\"ListItem\",\"position\":2,\"name\":\"Shop\",\"item\":\"https:\/\/jb-morilles.ch\/de\/shop\/\"},{\"@type\":\"ListItem\",\"position\":3,\"name\":\"Steinpilze-Pulver\"}]},{\"@type\":\"WebSite\",\"@id\":\"https:\/\/jb-morilles.ch\/de\/#website\",\"url\":\"https:\/\/jb-morilles.ch\/de\/\",\"name\":\"JB Morilles\",\"description\":\"\",\"publisher\":{\"@id\":\"https:\/\/jb-morilles.ch\/de\/#organization\"},\"potentialAction\":[{\"@type\":\"SearchAction\",\"target\":{\"@type\":\"EntryPoint\",\"urlTemplate\":\"https:\/\/jb-morilles.ch\/de\/?s={search_term_string}\"},\"query-input\":{\"@type\":\"PropertyValueSpecification\",\"valueRequired\":true,\"valueName\":\"search_term_string\"}}],\"inLanguage\":\"de\"},{\"@type\":\"Organization\",\"@id\":\"https:\/\/jb-morilles.ch\/de\/#organization\",\"name\":\"JB Morilles\",\"url\":\"https:\/\/jb-morilles.ch\/de\/\",\"logo\":{\"@type\":\"ImageObject\",\"inLanguage\":\"de\",\"@id\":\"https:\/\/jb-morilles.ch\/de\/#\/schema\/logo\/image\/\",\"url\":\"https:\/\/jb-morilles.ch\/wp-content\/uploads\/2025\/11\/jbm-logo-sm.png\",\"contentUrl\":\"https:\/\/jb-morilles.ch\/wp-content\/uploads\/2025\/11\/jbm-logo-sm.png\",\"width\":400,\"height\":400,\"caption\":\"JB Morilles\"},\"image\":{\"@id\":\"https:\/\/jb-morilles.ch\/de\/#\/schema\/logo\/image\/\"},\"sameAs\":[\"https:\/\/www.facebook.com\/jbmorilles\/\"]}]}<\/script>\n<!-- \/ Yoast SEO plugin. -->","yoast_head_json":{"title":"Steinpilze-Pulver &#8211; JB Morilles","description":"Ein wohlschmeckendes Pulver aus den besten Waldsteinpilzen. Ein bis zwei Kaffeel\u00f6ffel mit 2,5dl Rahm mischen dann mit Salz und Pfeffer w\u00fcrzen. Auf kleinem Feuer k\u00f6cheln, vom Feuer nehmen und ziehen lassen, vor dem Servieren nochmals aufw\u00e4rmen. Schon bereit!","robots":{"index":"index","follow":"follow","max-snippet":"max-snippet:-1","max-image-preview":"max-image-preview:large","max-video-preview":"max-video-preview:-1"},"canonical":"https:\/\/jb-morilles.ch\/de\/produkt\/steinpilze-pulver\/","og_locale":"de_DE","og_type":"article","og_title":"Steinpilze-Pulver &#8211; JB Morilles","og_description":"Ein wohlschmeckendes Pulver aus den besten Waldsteinpilzen. Ein bis zwei Kaffeel\u00f6ffel mit 2,5dl Rahm mischen dann mit Salz und Pfeffer w\u00fcrzen. Auf kleinem Feuer k\u00f6cheln, vom Feuer nehmen und ziehen lassen, vor dem Servieren nochmals aufw\u00e4rmen. Schon bereit!","og_url":"https:\/\/jb-morilles.ch\/de\/produkt\/steinpilze-pulver\/","og_site_name":"JB Morilles","article_publisher":"https:\/\/www.facebook.com\/jbmorilles\/","article_modified_time":"2025-11-12T12:57:20+00:00","og_image":[{"width":600,"height":600,"url":"https:\/\/jb-morilles.ch\/wp-content\/uploads\/2025\/10\/35poudreboletsjbmorilles.jpg","type":"image\/jpeg"}],"twitter_card":"summary_large_image","schema":{"@context":"https:\/\/schema.org","@graph":[{"@type":"WebPage","@id":"https:\/\/jb-morilles.ch\/de\/produkt\/steinpilze-pulver\/","url":"https:\/\/jb-morilles.ch\/de\/produkt\/steinpilze-pulver\/","name":"Steinpilze-Pulver &#8211; JB Morilles","isPartOf":{"@id":"https:\/\/jb-morilles.ch\/de\/#website"},"primaryImageOfPage":{"@id":"https:\/\/jb-morilles.ch\/de\/produkt\/steinpilze-pulver\/#primaryimage"},"image":{"@id":"https:\/\/jb-morilles.ch\/de\/produkt\/steinpilze-pulver\/#primaryimage"},"thumbnailUrl":"https:\/\/jb-morilles.ch\/wp-content\/uploads\/2025\/10\/35poudreboletsjbmorilles.jpg","datePublished":"2021-09-13T14:15:10+00:00","dateModified":"2025-11-12T12:57:20+00:00","description":"Ein wohlschmeckendes Pulver aus den besten Waldsteinpilzen. Ein bis zwei Kaffeel\u00f6ffel mit 2,5dl Rahm mischen dann mit Salz und Pfeffer w\u00fcrzen. Auf kleinem Feuer k\u00f6cheln, vom Feuer nehmen und ziehen lassen, vor dem Servieren nochmals aufw\u00e4rmen. Schon bereit!","breadcrumb":{"@id":"https:\/\/jb-morilles.ch\/de\/produkt\/steinpilze-pulver\/#breadcrumb"},"inLanguage":"de","potentialAction":[{"@type":"ReadAction","target":["https:\/\/jb-morilles.ch\/de\/produkt\/steinpilze-pulver\/"]}]},{"@type":"ImageObject","inLanguage":"de","@id":"https:\/\/jb-morilles.ch\/de\/produkt\/steinpilze-pulver\/#primaryimage","url":"https:\/\/jb-morilles.ch\/wp-content\/uploads\/2025\/10\/35poudreboletsjbmorilles.jpg","contentUrl":"https:\/\/jb-morilles.ch\/wp-content\/uploads\/2025\/10\/35poudreboletsjbmorilles.jpg","width":600,"height":600,"caption":"35-poudre-bolets-jb-morilles"},{"@type":"BreadcrumbList","@id":"https:\/\/jb-morilles.ch\/de\/produkt\/steinpilze-pulver\/#breadcrumb","itemListElement":[{"@type":"ListItem","position":1,"name":"Accueil","item":"https:\/\/jb-morilles.ch\/de\/"},{"@type":"ListItem","position":2,"name":"Shop","item":"https:\/\/jb-morilles.ch\/de\/shop\/"},{"@type":"ListItem","position":3,"name":"Steinpilze-Pulver"}]},{"@type":"WebSite","@id":"https:\/\/jb-morilles.ch\/de\/#website","url":"https:\/\/jb-morilles.ch\/de\/","name":"JB Morilles","description":"","publisher":{"@id":"https:\/\/jb-morilles.ch\/de\/#organization"},"potentialAction":[{"@type":"SearchAction","target":{"@type":"EntryPoint","urlTemplate":"https:\/\/jb-morilles.ch\/de\/?s={search_term_string}"},"query-input":{"@type":"PropertyValueSpecification","valueRequired":true,"valueName":"search_term_string"}}],"inLanguage":"de"},{"@type":"Organization","@id":"https:\/\/jb-morilles.ch\/de\/#organization","name":"JB Morilles","url":"https:\/\/jb-morilles.ch\/de\/","logo":{"@type":"ImageObject","inLanguage":"de","@id":"https:\/\/jb-morilles.ch\/de\/#\/schema\/logo\/image\/","url":"https:\/\/jb-morilles.ch\/wp-content\/uploads\/2025\/11\/jbm-logo-sm.png","contentUrl":"https:\/\/jb-morilles.ch\/wp-content\/uploads\/2025\/11\/jbm-logo-sm.png","width":400,"height":400,"caption":"JB Morilles"},"image":{"@id":"https:\/\/jb-morilles.ch\/de\/#\/schema\/logo\/image\/"},"sameAs":["https:\/\/www.facebook.com\/jbmorilles\/"]}]}},"_links":{"self":[{"href":"https:\/\/jb-morilles.ch\/de\/wp-json\/wp\/v2\/product\/1409","targetHints":{"allow":["GET"]}}],"collection":[{"href":"https:\/\/jb-morilles.ch\/de\/wp-json\/wp\/v2\/product"}],"about":[{"href":"https:\/\/jb-morilles.ch\/de\/wp-json\/wp\/v2\/types\/product"}],"replies":[{"embeddable":true,"href":"https:\/\/jb-morilles.ch\/de\/wp-json\/wp\/v2\/comments?post=1409"}],"wp:featuredmedia":[{"embeddable":true,"href":"https:\/\/jb-morilles.ch\/de\/wp-json\/wp\/v2\/media\/7470"}],"wp:attachment":[{"href":"https:\/\/jb-morilles.ch\/de\/wp-json\/wp\/v2\/media?parent=1409"}],"wp:term":[{"taxonomy":"product_brand","embeddable":true,"href":"https:\/\/jb-morilles.ch\/de\/wp-json\/wp\/v2\/product_brand?post=1409"},{"taxonomy":"product_cat","embeddable":true,"href":"https:\/\/jb-morilles.ch\/de\/wp-json\/wp\/v2\/product_cat?post=1409"},{"taxonomy":"product_tag","embeddable":true,"href":"https:\/\/jb-morilles.ch\/de\/wp-json\/wp\/v2\/product_tag?post=1409"},{"taxonomy":"product_label","embeddable":true,"href":"https:\/\/jb-morilles.ch\/de\/wp-json\/wp\/v2\/product_label?post=1409"}],"curies":[{"name":"wp","href":"https:\/\/api.w.org\/{rel}","templated":true}]}}