{"id":1391,"date":"2020-06-09T15:56:50","date_gmt":"2020-06-09T15:56:50","guid":{"rendered":"https:\/\/jb-morilles.ch\/?product=kaiserling-likoer"},"modified":"2020-06-09T15:56:50","modified_gmt":"2020-06-09T15:56:50","slug":"kaiserling-likoer","status":"publish","type":"product","link":"https:\/\/jb-morilles.ch\/de\/produkt\/kaiserling-likoer\/","title":{"rendered":"Kaiserling-Likoer"},"content":{"rendered":"<p>Dieses Spezialprodukt ist eine Exklusivit\u00e4t von JB-Morilles. Hier wird Phantasie und Leidenschaft f\u00fcrs Kochen oder einfach eine neue Entdeckung gefragt. Morchel-Saucen, Desserts, Abl\u00f6schen und Flambieren von Fleisch oder G\u00e4nse-Leber. Kurz, alles ist erlaubt!<\/p>\n<p>Netto-Volumen: 3.5 dl<br \/>Alkohol: 23\u00b0<\/p>\n","protected":false},"excerpt":{"rendered":"<p>Dieses Spezialprodukt ist eine Exklusivit\u00e4t von JB-Morilles. Hier wird Phantasie und Leidenschaft f\u00fcrs Kochen oder einfach eine neue Entdeckung gefragt. Morchel-Saucen, Desserts, Abl\u00f6schen und Flambieren von Fleisch oder G\u00e4nse-Leber. Kurz, alles ist erlaubt!<\/p>\n<p>Netto-Volumen: 3.5 dl<br \/>Alkohol: 23\u00b0<\/p>\n","protected":false},"featured_media":7454,"comment_status":"open","ping_status":"closed","template":"","meta":{"_acf_changed":false,"wprm-recipe-roundup-name":"","wprm-recipe-roundup-description":""},"product_brand":[],"product_cat":[410],"product_tag":[],"product_label":[],"class_list":{"0":"post-1391","1":"product","2":"type-product","3":"status-publish","4":"has-post-thumbnail","6":"product_cat-auswahl","8":"first","9":"instock","10":"taxable","11":"shipping-taxable","12":"purchasable","13":"product-type-simple"},"acf":[],"yoast_head":"<!-- This site is optimized with the Yoast SEO plugin v27.2 - https:\/\/yoast.com\/product\/yoast-seo-wordpress\/ -->\n<title>Kaiserling-Likoer &#8211; JB Morilles<\/title>\n<meta name=\"description\" content=\"Ce curieux produit est une exclusivit\u00e9 JB-Morilles. Il fait appel \u00e0 votre imagination ainsi qu&#039;\u00e0 votre passion pour la cuisine ou simplement la d\u00e9couverte. Sauces aux morilles, desserts, d\u00e9gla\u00e7age et flambage de viandes ou de foie gras... Bref, tout est permis !\" \/>\n<meta name=\"robots\" content=\"index, follow, max-snippet:-1, max-image-preview:large, max-video-preview:-1\" \/>\n<link rel=\"canonical\" href=\"https:\/\/jb-morilles.ch\/de\/produkt\/kaiserling-likoer\/\" \/>\n<meta property=\"og:locale\" content=\"de_DE\" \/>\n<meta property=\"og:type\" content=\"article\" \/>\n<meta property=\"og:title\" content=\"Kaiserling-Likoer &#8211; JB Morilles\" \/>\n<meta property=\"og:description\" content=\"Ce curieux produit est une exclusivit\u00e9 JB-Morilles. Il fait appel \u00e0 votre imagination ainsi qu&#039;\u00e0 votre passion pour la cuisine ou simplement la d\u00e9couverte. Sauces aux morilles, desserts, d\u00e9gla\u00e7age et flambage de viandes ou de foie gras... Bref, tout est permis !\" \/>\n<meta property=\"og:url\" content=\"https:\/\/jb-morilles.ch\/de\/produkt\/kaiserling-likoer\/\" \/>\n<meta property=\"og:site_name\" content=\"JB Morilles\" \/>\n<meta property=\"article:publisher\" content=\"https:\/\/www.facebook.com\/jbmorilles\/\" \/>\n<meta property=\"og:image\" content=\"https:\/\/jb-morilles.ch\/wp-content\/uploads\/2025\/10\/56liqueurcesarsjbmorilles_1708753941.jpg\" \/>\n\t<meta property=\"og:image:width\" content=\"600\" \/>\n\t<meta property=\"og:image:height\" content=\"600\" \/>\n\t<meta property=\"og:image:type\" content=\"image\/jpeg\" \/>\n<meta name=\"twitter:card\" content=\"summary_large_image\" \/>\n<script type=\"application\/ld+json\" class=\"yoast-schema-graph\">{\"@context\":\"https:\/\/schema.org\",\"@graph\":[{\"@type\":\"WebPage\",\"@id\":\"https:\/\/jb-morilles.ch\/de\/produkt\/kaiserling-likoer\/\",\"url\":\"https:\/\/jb-morilles.ch\/de\/produkt\/kaiserling-likoer\/\",\"name\":\"Kaiserling-Likoer &#8211; JB Morilles\",\"isPartOf\":{\"@id\":\"https:\/\/jb-morilles.ch\/de\/#website\"},\"primaryImageOfPage\":{\"@id\":\"https:\/\/jb-morilles.ch\/de\/produkt\/kaiserling-likoer\/#primaryimage\"},\"image\":{\"@id\":\"https:\/\/jb-morilles.ch\/de\/produkt\/kaiserling-likoer\/#primaryimage\"},\"thumbnailUrl\":\"https:\/\/jb-morilles.ch\/wp-content\/uploads\/2025\/10\/56liqueurcesarsjbmorilles_1708753941.jpg\",\"datePublished\":\"2020-06-09T15:56:50+00:00\",\"description\":\"Ce curieux produit est une exclusivit\u00e9 JB-Morilles. Il fait appel \u00e0 votre imagination ainsi qu'\u00e0 votre passion pour la cuisine ou simplement la d\u00e9couverte. Sauces aux morilles, desserts, d\u00e9gla\u00e7age et flambage de viandes ou de foie gras... Bref, tout est permis !\",\"breadcrumb\":{\"@id\":\"https:\/\/jb-morilles.ch\/de\/produkt\/kaiserling-likoer\/#breadcrumb\"},\"inLanguage\":\"de\",\"potentialAction\":[{\"@type\":\"ReadAction\",\"target\":[\"https:\/\/jb-morilles.ch\/de\/produkt\/kaiserling-likoer\/\"]}]},{\"@type\":\"ImageObject\",\"inLanguage\":\"de\",\"@id\":\"https:\/\/jb-morilles.ch\/de\/produkt\/kaiserling-likoer\/#primaryimage\",\"url\":\"https:\/\/jb-morilles.ch\/wp-content\/uploads\/2025\/10\/56liqueurcesarsjbmorilles_1708753941.jpg\",\"contentUrl\":\"https:\/\/jb-morilles.ch\/wp-content\/uploads\/2025\/10\/56liqueurcesarsjbmorilles_1708753941.jpg\",\"width\":600,\"height\":600,\"caption\":\"56-liqueur-cesars-jb-morilles_1708753941\"},{\"@type\":\"BreadcrumbList\",\"@id\":\"https:\/\/jb-morilles.ch\/de\/produkt\/kaiserling-likoer\/#breadcrumb\",\"itemListElement\":[{\"@type\":\"ListItem\",\"position\":1,\"name\":\"Accueil\",\"item\":\"https:\/\/jb-morilles.ch\/de\/\"},{\"@type\":\"ListItem\",\"position\":2,\"name\":\"Shop\",\"item\":\"https:\/\/jb-morilles.ch\/de\/shop\/\"},{\"@type\":\"ListItem\",\"position\":3,\"name\":\"Kaiserling-Likoer\"}]},{\"@type\":\"WebSite\",\"@id\":\"https:\/\/jb-morilles.ch\/de\/#website\",\"url\":\"https:\/\/jb-morilles.ch\/de\/\",\"name\":\"JB Morilles\",\"description\":\"\",\"publisher\":{\"@id\":\"https:\/\/jb-morilles.ch\/de\/#organization\"},\"potentialAction\":[{\"@type\":\"SearchAction\",\"target\":{\"@type\":\"EntryPoint\",\"urlTemplate\":\"https:\/\/jb-morilles.ch\/de\/?s={search_term_string}\"},\"query-input\":{\"@type\":\"PropertyValueSpecification\",\"valueRequired\":true,\"valueName\":\"search_term_string\"}}],\"inLanguage\":\"de\"},{\"@type\":\"Organization\",\"@id\":\"https:\/\/jb-morilles.ch\/de\/#organization\",\"name\":\"JB Morilles\",\"url\":\"https:\/\/jb-morilles.ch\/de\/\",\"logo\":{\"@type\":\"ImageObject\",\"inLanguage\":\"de\",\"@id\":\"https:\/\/jb-morilles.ch\/de\/#\/schema\/logo\/image\/\",\"url\":\"https:\/\/jb-morilles.ch\/wp-content\/uploads\/2025\/11\/jbm-logo-sm.png\",\"contentUrl\":\"https:\/\/jb-morilles.ch\/wp-content\/uploads\/2025\/11\/jbm-logo-sm.png\",\"width\":400,\"height\":400,\"caption\":\"JB Morilles\"},\"image\":{\"@id\":\"https:\/\/jb-morilles.ch\/de\/#\/schema\/logo\/image\/\"},\"sameAs\":[\"https:\/\/www.facebook.com\/jbmorilles\/\"]}]}<\/script>\n<!-- \/ Yoast SEO plugin. -->","yoast_head_json":{"title":"Kaiserling-Likoer &#8211; JB Morilles","description":"Ce curieux produit est une exclusivit\u00e9 JB-Morilles. Il fait appel \u00e0 votre imagination ainsi qu'\u00e0 votre passion pour la cuisine ou simplement la d\u00e9couverte. Sauces aux morilles, desserts, d\u00e9gla\u00e7age et flambage de viandes ou de foie gras... Bref, tout est permis !","robots":{"index":"index","follow":"follow","max-snippet":"max-snippet:-1","max-image-preview":"max-image-preview:large","max-video-preview":"max-video-preview:-1"},"canonical":"https:\/\/jb-morilles.ch\/de\/produkt\/kaiserling-likoer\/","og_locale":"de_DE","og_type":"article","og_title":"Kaiserling-Likoer &#8211; JB Morilles","og_description":"Ce curieux produit est une exclusivit\u00e9 JB-Morilles. Il fait appel \u00e0 votre imagination ainsi qu'\u00e0 votre passion pour la cuisine ou simplement la d\u00e9couverte. Sauces aux morilles, desserts, d\u00e9gla\u00e7age et flambage de viandes ou de foie gras... Bref, tout est permis !","og_url":"https:\/\/jb-morilles.ch\/de\/produkt\/kaiserling-likoer\/","og_site_name":"JB Morilles","article_publisher":"https:\/\/www.facebook.com\/jbmorilles\/","og_image":[{"width":600,"height":600,"url":"https:\/\/jb-morilles.ch\/wp-content\/uploads\/2025\/10\/56liqueurcesarsjbmorilles_1708753941.jpg","type":"image\/jpeg"}],"twitter_card":"summary_large_image","schema":{"@context":"https:\/\/schema.org","@graph":[{"@type":"WebPage","@id":"https:\/\/jb-morilles.ch\/de\/produkt\/kaiserling-likoer\/","url":"https:\/\/jb-morilles.ch\/de\/produkt\/kaiserling-likoer\/","name":"Kaiserling-Likoer &#8211; JB Morilles","isPartOf":{"@id":"https:\/\/jb-morilles.ch\/de\/#website"},"primaryImageOfPage":{"@id":"https:\/\/jb-morilles.ch\/de\/produkt\/kaiserling-likoer\/#primaryimage"},"image":{"@id":"https:\/\/jb-morilles.ch\/de\/produkt\/kaiserling-likoer\/#primaryimage"},"thumbnailUrl":"https:\/\/jb-morilles.ch\/wp-content\/uploads\/2025\/10\/56liqueurcesarsjbmorilles_1708753941.jpg","datePublished":"2020-06-09T15:56:50+00:00","description":"Ce curieux produit est une exclusivit\u00e9 JB-Morilles. Il fait appel \u00e0 votre imagination ainsi qu'\u00e0 votre passion pour la cuisine ou simplement la d\u00e9couverte. Sauces aux morilles, desserts, d\u00e9gla\u00e7age et flambage de viandes ou de foie gras... Bref, tout est permis !","breadcrumb":{"@id":"https:\/\/jb-morilles.ch\/de\/produkt\/kaiserling-likoer\/#breadcrumb"},"inLanguage":"de","potentialAction":[{"@type":"ReadAction","target":["https:\/\/jb-morilles.ch\/de\/produkt\/kaiserling-likoer\/"]}]},{"@type":"ImageObject","inLanguage":"de","@id":"https:\/\/jb-morilles.ch\/de\/produkt\/kaiserling-likoer\/#primaryimage","url":"https:\/\/jb-morilles.ch\/wp-content\/uploads\/2025\/10\/56liqueurcesarsjbmorilles_1708753941.jpg","contentUrl":"https:\/\/jb-morilles.ch\/wp-content\/uploads\/2025\/10\/56liqueurcesarsjbmorilles_1708753941.jpg","width":600,"height":600,"caption":"56-liqueur-cesars-jb-morilles_1708753941"},{"@type":"BreadcrumbList","@id":"https:\/\/jb-morilles.ch\/de\/produkt\/kaiserling-likoer\/#breadcrumb","itemListElement":[{"@type":"ListItem","position":1,"name":"Accueil","item":"https:\/\/jb-morilles.ch\/de\/"},{"@type":"ListItem","position":2,"name":"Shop","item":"https:\/\/jb-morilles.ch\/de\/shop\/"},{"@type":"ListItem","position":3,"name":"Kaiserling-Likoer"}]},{"@type":"WebSite","@id":"https:\/\/jb-morilles.ch\/de\/#website","url":"https:\/\/jb-morilles.ch\/de\/","name":"JB Morilles","description":"","publisher":{"@id":"https:\/\/jb-morilles.ch\/de\/#organization"},"potentialAction":[{"@type":"SearchAction","target":{"@type":"EntryPoint","urlTemplate":"https:\/\/jb-morilles.ch\/de\/?s={search_term_string}"},"query-input":{"@type":"PropertyValueSpecification","valueRequired":true,"valueName":"search_term_string"}}],"inLanguage":"de"},{"@type":"Organization","@id":"https:\/\/jb-morilles.ch\/de\/#organization","name":"JB Morilles","url":"https:\/\/jb-morilles.ch\/de\/","logo":{"@type":"ImageObject","inLanguage":"de","@id":"https:\/\/jb-morilles.ch\/de\/#\/schema\/logo\/image\/","url":"https:\/\/jb-morilles.ch\/wp-content\/uploads\/2025\/11\/jbm-logo-sm.png","contentUrl":"https:\/\/jb-morilles.ch\/wp-content\/uploads\/2025\/11\/jbm-logo-sm.png","width":400,"height":400,"caption":"JB Morilles"},"image":{"@id":"https:\/\/jb-morilles.ch\/de\/#\/schema\/logo\/image\/"},"sameAs":["https:\/\/www.facebook.com\/jbmorilles\/"]}]}},"_links":{"self":[{"href":"https:\/\/jb-morilles.ch\/de\/wp-json\/wp\/v2\/product\/1391","targetHints":{"allow":["GET"]}}],"collection":[{"href":"https:\/\/jb-morilles.ch\/de\/wp-json\/wp\/v2\/product"}],"about":[{"href":"https:\/\/jb-morilles.ch\/de\/wp-json\/wp\/v2\/types\/product"}],"replies":[{"embeddable":true,"href":"https:\/\/jb-morilles.ch\/de\/wp-json\/wp\/v2\/comments?post=1391"}],"wp:featuredmedia":[{"embeddable":true,"href":"https:\/\/jb-morilles.ch\/de\/wp-json\/wp\/v2\/media\/7454"}],"wp:attachment":[{"href":"https:\/\/jb-morilles.ch\/de\/wp-json\/wp\/v2\/media?parent=1391"}],"wp:term":[{"taxonomy":"product_brand","embeddable":true,"href":"https:\/\/jb-morilles.ch\/de\/wp-json\/wp\/v2\/product_brand?post=1391"},{"taxonomy":"product_cat","embeddable":true,"href":"https:\/\/jb-morilles.ch\/de\/wp-json\/wp\/v2\/product_cat?post=1391"},{"taxonomy":"product_tag","embeddable":true,"href":"https:\/\/jb-morilles.ch\/de\/wp-json\/wp\/v2\/product_tag?post=1391"},{"taxonomy":"product_label","embeddable":true,"href":"https:\/\/jb-morilles.ch\/de\/wp-json\/wp\/v2\/product_label?post=1391"}],"curies":[{"name":"wp","href":"https:\/\/api.w.org\/{rel}","templated":true}]}}