{"id":1377,"date":"2019-01-28T00:25:27","date_gmt":"2019-01-27T23:25:27","guid":{"rendered":"https:\/\/jb-morilles.ch\/?product=steinpilze-in-salzlauge"},"modified":"2019-01-28T00:25:27","modified_gmt":"2019-01-28T00:25:27","slug":"steinpilze-in-salzlauge","status":"publish","type":"product","link":"https:\/\/jb-morilles.ch\/de\/produkt\/steinpilze-in-salzlauge\/","title":{"rendered":"Steinpilze in Salzlauge"},"content":{"rendered":"<p>Sch\u00f6ne, in Salzlauge gebleichte Steinpilze. K\u00f6nnen nach Entsalzung auf Pizzas, in Risotto oder zum Aperitiv verwendet werden.<\/p>\n<p>Netto-Gewicht (abgetropft): 230g <br \/>Zusammensetzung: Steinpilze aus Bulgarien, nat\u00fcrlich konserviert und in Wasser <br \/>Aktion: CHF 15.- f\u00fcr 230g anstatt CHF 21.50<\/p>\n","protected":false},"excerpt":{"rendered":"<p>Sch\u00f6ne, in Salzlauge gebleichte Steinpilze. K\u00f6nnen nach Entsalzung auf Pizzas, in Risotto oder zum Aperitiv verwendet werden.<\/p>\n<p>Netto-Gewicht (abgetropft): 230g <br \/>Zusammensetzung: Steinpilze aus Bulgarien, nat\u00fcrlich konserviert und in Wasser <br \/>Aktion: CHF 15.- f\u00fcr 230g anstatt CHF 21.50<\/p>\n","protected":false},"featured_media":7444,"comment_status":"open","ping_status":"closed","template":"","meta":{"_acf_changed":false,"wprm-recipe-roundup-name":"","wprm-recipe-roundup-description":""},"product_brand":[],"product_cat":[410],"product_tag":[],"product_label":[],"class_list":{"0":"post-1377","1":"product","2":"type-product","3":"status-publish","4":"has-post-thumbnail","6":"product_cat-auswahl","8":"first","9":"instock","10":"sale","11":"taxable","12":"shipping-taxable","13":"purchasable","14":"product-type-simple"},"acf":[],"yoast_head":"<!-- This site is optimized with the Yoast SEO plugin v27.2 - https:\/\/yoast.com\/product\/yoast-seo-wordpress\/ -->\n<title>C\u00e8pes en saumure<\/title>\n<meta name=\"description\" content=\"Sch\u00f6ne, in Salzlauge gebleichte Steinpilze. K\u00f6nnen nach Entsalzung auf Pizzas, in Risotto oder zum Aperitiv verwendet werden.\" \/>\n<meta name=\"robots\" content=\"index, follow, max-snippet:-1, max-image-preview:large, max-video-preview:-1\" \/>\n<link rel=\"canonical\" href=\"https:\/\/jb-morilles.ch\/de\/produkt\/steinpilze-in-salzlauge\/\" \/>\n<meta property=\"og:locale\" content=\"de_DE\" \/>\n<meta property=\"og:type\" content=\"article\" \/>\n<meta property=\"og:title\" content=\"C\u00e8pes en saumure\" \/>\n<meta property=\"og:description\" content=\"Sch\u00f6ne, in Salzlauge gebleichte Steinpilze. K\u00f6nnen nach Entsalzung auf Pizzas, in Risotto oder zum Aperitiv verwendet werden.\" \/>\n<meta property=\"og:url\" content=\"https:\/\/jb-morilles.ch\/de\/produkt\/steinpilze-in-salzlauge\/\" \/>\n<meta property=\"og:site_name\" content=\"JB Morilles\" \/>\n<meta property=\"article:publisher\" content=\"https:\/\/www.facebook.com\/jbmorilles\/\" \/>\n<meta property=\"article:modified_time\" content=\"2019-01-28T00:25:27+00:00\" \/>\n<meta property=\"og:image\" content=\"https:\/\/jb-morilles.ch\/wp-content\/uploads\/2025\/10\/51cepessaumurejbmorilles.jpg\" \/>\n\t<meta property=\"og:image:width\" content=\"600\" \/>\n\t<meta property=\"og:image:height\" content=\"600\" \/>\n\t<meta property=\"og:image:type\" content=\"image\/jpeg\" \/>\n<meta name=\"twitter:card\" content=\"summary_large_image\" \/>\n<script type=\"application\/ld+json\" class=\"yoast-schema-graph\">{\"@context\":\"https:\/\/schema.org\",\"@graph\":[{\"@type\":\"WebPage\",\"@id\":\"https:\/\/jb-morilles.ch\/de\/produkt\/steinpilze-in-salzlauge\/\",\"url\":\"https:\/\/jb-morilles.ch\/de\/produkt\/steinpilze-in-salzlauge\/\",\"name\":\"C\u00e8pes en saumure\",\"isPartOf\":{\"@id\":\"https:\/\/jb-morilles.ch\/de\/#website\"},\"primaryImageOfPage\":{\"@id\":\"https:\/\/jb-morilles.ch\/de\/produkt\/steinpilze-in-salzlauge\/#primaryimage\"},\"image\":{\"@id\":\"https:\/\/jb-morilles.ch\/de\/produkt\/steinpilze-in-salzlauge\/#primaryimage\"},\"thumbnailUrl\":\"https:\/\/jb-morilles.ch\/wp-content\/uploads\/2025\/10\/51cepessaumurejbmorilles.jpg\",\"datePublished\":\"2019-01-27T23:25:27+00:00\",\"dateModified\":\"2019-01-28T00:25:27+00:00\",\"description\":\"Sch\u00f6ne, in Salzlauge gebleichte Steinpilze. K\u00f6nnen nach Entsalzung auf Pizzas, in Risotto oder zum Aperitiv verwendet werden.\",\"breadcrumb\":{\"@id\":\"https:\/\/jb-morilles.ch\/de\/produkt\/steinpilze-in-salzlauge\/#breadcrumb\"},\"inLanguage\":\"de\",\"potentialAction\":[{\"@type\":\"ReadAction\",\"target\":[\"https:\/\/jb-morilles.ch\/de\/produkt\/steinpilze-in-salzlauge\/\"]}]},{\"@type\":\"ImageObject\",\"inLanguage\":\"de\",\"@id\":\"https:\/\/jb-morilles.ch\/de\/produkt\/steinpilze-in-salzlauge\/#primaryimage\",\"url\":\"https:\/\/jb-morilles.ch\/wp-content\/uploads\/2025\/10\/51cepessaumurejbmorilles.jpg\",\"contentUrl\":\"https:\/\/jb-morilles.ch\/wp-content\/uploads\/2025\/10\/51cepessaumurejbmorilles.jpg\",\"width\":600,\"height\":600,\"caption\":\"51-cepes-saumure-jb-morilles\"},{\"@type\":\"BreadcrumbList\",\"@id\":\"https:\/\/jb-morilles.ch\/de\/produkt\/steinpilze-in-salzlauge\/#breadcrumb\",\"itemListElement\":[{\"@type\":\"ListItem\",\"position\":1,\"name\":\"Accueil\",\"item\":\"https:\/\/jb-morilles.ch\/de\/\"},{\"@type\":\"ListItem\",\"position\":2,\"name\":\"Shop\",\"item\":\"https:\/\/jb-morilles.ch\/de\/shop\/\"},{\"@type\":\"ListItem\",\"position\":3,\"name\":\"Steinpilze in Salzlauge\"}]},{\"@type\":\"WebSite\",\"@id\":\"https:\/\/jb-morilles.ch\/de\/#website\",\"url\":\"https:\/\/jb-morilles.ch\/de\/\",\"name\":\"JB Morilles\",\"description\":\"\",\"publisher\":{\"@id\":\"https:\/\/jb-morilles.ch\/de\/#organization\"},\"potentialAction\":[{\"@type\":\"SearchAction\",\"target\":{\"@type\":\"EntryPoint\",\"urlTemplate\":\"https:\/\/jb-morilles.ch\/de\/?s={search_term_string}\"},\"query-input\":{\"@type\":\"PropertyValueSpecification\",\"valueRequired\":true,\"valueName\":\"search_term_string\"}}],\"inLanguage\":\"de\"},{\"@type\":\"Organization\",\"@id\":\"https:\/\/jb-morilles.ch\/de\/#organization\",\"name\":\"JB Morilles\",\"url\":\"https:\/\/jb-morilles.ch\/de\/\",\"logo\":{\"@type\":\"ImageObject\",\"inLanguage\":\"de\",\"@id\":\"https:\/\/jb-morilles.ch\/de\/#\/schema\/logo\/image\/\",\"url\":\"https:\/\/jb-morilles.ch\/wp-content\/uploads\/2025\/11\/jbm-logo-sm.png\",\"contentUrl\":\"https:\/\/jb-morilles.ch\/wp-content\/uploads\/2025\/11\/jbm-logo-sm.png\",\"width\":400,\"height\":400,\"caption\":\"JB Morilles\"},\"image\":{\"@id\":\"https:\/\/jb-morilles.ch\/de\/#\/schema\/logo\/image\/\"},\"sameAs\":[\"https:\/\/www.facebook.com\/jbmorilles\/\"]}]}<\/script>\n<!-- \/ Yoast SEO plugin. -->","yoast_head_json":{"title":"C\u00e8pes en saumure","description":"Sch\u00f6ne, in Salzlauge gebleichte Steinpilze. K\u00f6nnen nach Entsalzung auf Pizzas, in Risotto oder zum Aperitiv verwendet werden.","robots":{"index":"index","follow":"follow","max-snippet":"max-snippet:-1","max-image-preview":"max-image-preview:large","max-video-preview":"max-video-preview:-1"},"canonical":"https:\/\/jb-morilles.ch\/de\/produkt\/steinpilze-in-salzlauge\/","og_locale":"de_DE","og_type":"article","og_title":"C\u00e8pes en saumure","og_description":"Sch\u00f6ne, in Salzlauge gebleichte Steinpilze. K\u00f6nnen nach Entsalzung auf Pizzas, in Risotto oder zum Aperitiv verwendet werden.","og_url":"https:\/\/jb-morilles.ch\/de\/produkt\/steinpilze-in-salzlauge\/","og_site_name":"JB Morilles","article_publisher":"https:\/\/www.facebook.com\/jbmorilles\/","article_modified_time":"2019-01-28T00:25:27+00:00","og_image":[{"width":600,"height":600,"url":"https:\/\/jb-morilles.ch\/wp-content\/uploads\/2025\/10\/51cepessaumurejbmorilles.jpg","type":"image\/jpeg"}],"twitter_card":"summary_large_image","schema":{"@context":"https:\/\/schema.org","@graph":[{"@type":"WebPage","@id":"https:\/\/jb-morilles.ch\/de\/produkt\/steinpilze-in-salzlauge\/","url":"https:\/\/jb-morilles.ch\/de\/produkt\/steinpilze-in-salzlauge\/","name":"C\u00e8pes en saumure","isPartOf":{"@id":"https:\/\/jb-morilles.ch\/de\/#website"},"primaryImageOfPage":{"@id":"https:\/\/jb-morilles.ch\/de\/produkt\/steinpilze-in-salzlauge\/#primaryimage"},"image":{"@id":"https:\/\/jb-morilles.ch\/de\/produkt\/steinpilze-in-salzlauge\/#primaryimage"},"thumbnailUrl":"https:\/\/jb-morilles.ch\/wp-content\/uploads\/2025\/10\/51cepessaumurejbmorilles.jpg","datePublished":"2019-01-27T23:25:27+00:00","dateModified":"2019-01-28T00:25:27+00:00","description":"Sch\u00f6ne, in Salzlauge gebleichte Steinpilze. K\u00f6nnen nach Entsalzung auf Pizzas, in Risotto oder zum Aperitiv verwendet werden.","breadcrumb":{"@id":"https:\/\/jb-morilles.ch\/de\/produkt\/steinpilze-in-salzlauge\/#breadcrumb"},"inLanguage":"de","potentialAction":[{"@type":"ReadAction","target":["https:\/\/jb-morilles.ch\/de\/produkt\/steinpilze-in-salzlauge\/"]}]},{"@type":"ImageObject","inLanguage":"de","@id":"https:\/\/jb-morilles.ch\/de\/produkt\/steinpilze-in-salzlauge\/#primaryimage","url":"https:\/\/jb-morilles.ch\/wp-content\/uploads\/2025\/10\/51cepessaumurejbmorilles.jpg","contentUrl":"https:\/\/jb-morilles.ch\/wp-content\/uploads\/2025\/10\/51cepessaumurejbmorilles.jpg","width":600,"height":600,"caption":"51-cepes-saumure-jb-morilles"},{"@type":"BreadcrumbList","@id":"https:\/\/jb-morilles.ch\/de\/produkt\/steinpilze-in-salzlauge\/#breadcrumb","itemListElement":[{"@type":"ListItem","position":1,"name":"Accueil","item":"https:\/\/jb-morilles.ch\/de\/"},{"@type":"ListItem","position":2,"name":"Shop","item":"https:\/\/jb-morilles.ch\/de\/shop\/"},{"@type":"ListItem","position":3,"name":"Steinpilze in Salzlauge"}]},{"@type":"WebSite","@id":"https:\/\/jb-morilles.ch\/de\/#website","url":"https:\/\/jb-morilles.ch\/de\/","name":"JB Morilles","description":"","publisher":{"@id":"https:\/\/jb-morilles.ch\/de\/#organization"},"potentialAction":[{"@type":"SearchAction","target":{"@type":"EntryPoint","urlTemplate":"https:\/\/jb-morilles.ch\/de\/?s={search_term_string}"},"query-input":{"@type":"PropertyValueSpecification","valueRequired":true,"valueName":"search_term_string"}}],"inLanguage":"de"},{"@type":"Organization","@id":"https:\/\/jb-morilles.ch\/de\/#organization","name":"JB Morilles","url":"https:\/\/jb-morilles.ch\/de\/","logo":{"@type":"ImageObject","inLanguage":"de","@id":"https:\/\/jb-morilles.ch\/de\/#\/schema\/logo\/image\/","url":"https:\/\/jb-morilles.ch\/wp-content\/uploads\/2025\/11\/jbm-logo-sm.png","contentUrl":"https:\/\/jb-morilles.ch\/wp-content\/uploads\/2025\/11\/jbm-logo-sm.png","width":400,"height":400,"caption":"JB Morilles"},"image":{"@id":"https:\/\/jb-morilles.ch\/de\/#\/schema\/logo\/image\/"},"sameAs":["https:\/\/www.facebook.com\/jbmorilles\/"]}]}},"_links":{"self":[{"href":"https:\/\/jb-morilles.ch\/de\/wp-json\/wp\/v2\/product\/1377","targetHints":{"allow":["GET"]}}],"collection":[{"href":"https:\/\/jb-morilles.ch\/de\/wp-json\/wp\/v2\/product"}],"about":[{"href":"https:\/\/jb-morilles.ch\/de\/wp-json\/wp\/v2\/types\/product"}],"replies":[{"embeddable":true,"href":"https:\/\/jb-morilles.ch\/de\/wp-json\/wp\/v2\/comments?post=1377"}],"wp:featuredmedia":[{"embeddable":true,"href":"https:\/\/jb-morilles.ch\/de\/wp-json\/wp\/v2\/media\/7444"}],"wp:attachment":[{"href":"https:\/\/jb-morilles.ch\/de\/wp-json\/wp\/v2\/media?parent=1377"}],"wp:term":[{"taxonomy":"product_brand","embeddable":true,"href":"https:\/\/jb-morilles.ch\/de\/wp-json\/wp\/v2\/product_brand?post=1377"},{"taxonomy":"product_cat","embeddable":true,"href":"https:\/\/jb-morilles.ch\/de\/wp-json\/wp\/v2\/product_cat?post=1377"},{"taxonomy":"product_tag","embeddable":true,"href":"https:\/\/jb-morilles.ch\/de\/wp-json\/wp\/v2\/product_tag?post=1377"},{"taxonomy":"product_label","embeddable":true,"href":"https:\/\/jb-morilles.ch\/de\/wp-json\/wp\/v2\/product_label?post=1377"}],"curies":[{"name":"wp","href":"https:\/\/api.w.org\/{rel}","templated":true}]}}