{"id":1345,"date":"2018-03-16T06:17:49","date_gmt":"2018-03-16T05:17:49","guid":{"rendered":"https:\/\/jb-morilles.ch\/?product=morchel-likoer"},"modified":"2018-03-16T06:17:49","modified_gmt":"2018-03-16T06:17:49","slug":"morchel-likoer","status":"publish","type":"product","link":"https:\/\/jb-morilles.ch\/de\/produkt\/morchel-likoer\/","title":{"rendered":"Morchel-Likoer"},"content":{"rendered":"<p>Dieses Spezialprodukt ist eine Exklusivit\u00e4t von JB-Morilles. Hier wird Phantasie und Leidenschaft f\u00fcrs Kochen oder einfach eine neue Entdeckung gefragt. Morchel-Saucen, Desserts, Abl\u00f6schen und Flambieren von Fleisch oder G\u00e4nse-Leber. Kurz, alles ist erlaubt!<\/p>\n<p>Netto-Volumen: 3.5 dl<br \/>Alkohol: 23\u00b0<\/p>\n","protected":false},"excerpt":{"rendered":"<p>Dieses Spezialprodukt ist eine Exklusivit\u00e4t von JB-Morilles. Hier wird Phantasie und Leidenschaft f\u00fcrs Kochen oder einfach eine neue Entdeckung gefragt. Morchel-Saucen, Desserts, Abl\u00f6schen und Flambieren von Fleisch oder G\u00e4nse-Leber. Kurz, alles ist erlaubt!<\/p>\n<p>Netto-Volumen: 3.5 dl<br \/>Alkohol: 23\u00b0<\/p>\n","protected":false},"featured_media":7422,"comment_status":"open","ping_status":"closed","template":"","meta":{"_acf_changed":false,"wprm-recipe-roundup-name":"","wprm-recipe-roundup-description":""},"product_brand":[],"product_cat":[410],"product_tag":[],"product_label":[],"class_list":{"0":"post-1345","1":"product","2":"type-product","3":"status-publish","4":"has-post-thumbnail","6":"product_cat-auswahl","8":"first","9":"outofstock","10":"taxable","11":"shipping-taxable","12":"purchasable","13":"product-type-simple"},"acf":[],"yoast_head":"<!-- This site is optimized with the Yoast SEO plugin v27.2 - https:\/\/yoast.com\/product\/yoast-seo-wordpress\/ -->\n<title>Morchel-Likoer &#8211; JB Morilles<\/title>\n<meta name=\"description\" content=\"Dieses Spezialprodukt ist eine Exklusivit\u00e4t von JB-Morcheln. Hier wird Phantasie und Leidenschaft f\u00fcrs Kochen oder einfach eine neue Entdeckung gefragt. Morchel-Saucen, Desserts, Abl\u00f6schen und Flambieren von Fleisch oder G\u00e4nse-Leber. Kurz, alles ist erlaubt!\" \/>\n<meta name=\"robots\" content=\"index, follow, max-snippet:-1, max-image-preview:large, max-video-preview:-1\" \/>\n<link rel=\"canonical\" href=\"https:\/\/jb-morilles.ch\/de\/produkt\/morchel-likoer\/\" \/>\n<meta property=\"og:locale\" content=\"de_DE\" \/>\n<meta property=\"og:type\" content=\"article\" \/>\n<meta property=\"og:title\" content=\"Morchel-Likoer &#8211; JB Morilles\" \/>\n<meta property=\"og:description\" content=\"Dieses Spezialprodukt ist eine Exklusivit\u00e4t von JB-Morcheln. Hier wird Phantasie und Leidenschaft f\u00fcrs Kochen oder einfach eine neue Entdeckung gefragt. Morchel-Saucen, Desserts, Abl\u00f6schen und Flambieren von Fleisch oder G\u00e4nse-Leber. Kurz, alles ist erlaubt!\" \/>\n<meta property=\"og:url\" content=\"https:\/\/jb-morilles.ch\/de\/produkt\/morchel-likoer\/\" \/>\n<meta property=\"og:site_name\" content=\"JB Morilles\" \/>\n<meta property=\"article:publisher\" content=\"https:\/\/www.facebook.com\/jbmorilles\/\" \/>\n<meta property=\"article:modified_time\" content=\"2018-03-16T06:17:49+00:00\" \/>\n<meta property=\"og:image\" content=\"https:\/\/jb-morilles.ch\/wp-content\/uploads\/2025\/10\/42liqueurdemorillesjbmorilles.jpg\" \/>\n\t<meta property=\"og:image:width\" content=\"600\" \/>\n\t<meta property=\"og:image:height\" content=\"600\" \/>\n\t<meta property=\"og:image:type\" content=\"image\/jpeg\" \/>\n<meta name=\"twitter:card\" content=\"summary_large_image\" \/>\n<script type=\"application\/ld+json\" class=\"yoast-schema-graph\">{\"@context\":\"https:\/\/schema.org\",\"@graph\":[{\"@type\":\"WebPage\",\"@id\":\"https:\/\/jb-morilles.ch\/de\/produkt\/morchel-likoer\/\",\"url\":\"https:\/\/jb-morilles.ch\/de\/produkt\/morchel-likoer\/\",\"name\":\"Morchel-Likoer &#8211; JB Morilles\",\"isPartOf\":{\"@id\":\"https:\/\/jb-morilles.ch\/de\/#website\"},\"primaryImageOfPage\":{\"@id\":\"https:\/\/jb-morilles.ch\/de\/produkt\/morchel-likoer\/#primaryimage\"},\"image\":{\"@id\":\"https:\/\/jb-morilles.ch\/de\/produkt\/morchel-likoer\/#primaryimage\"},\"thumbnailUrl\":\"https:\/\/jb-morilles.ch\/wp-content\/uploads\/2025\/10\/42liqueurdemorillesjbmorilles.jpg\",\"datePublished\":\"2018-03-16T05:17:49+00:00\",\"dateModified\":\"2018-03-16T06:17:49+00:00\",\"description\":\"Dieses Spezialprodukt ist eine Exklusivit\u00e4t von JB-Morcheln. Hier wird Phantasie und Leidenschaft f\u00fcrs Kochen oder einfach eine neue Entdeckung gefragt. Morchel-Saucen, Desserts, Abl\u00f6schen und Flambieren von Fleisch oder G\u00e4nse-Leber. Kurz, alles ist erlaubt!\",\"breadcrumb\":{\"@id\":\"https:\/\/jb-morilles.ch\/de\/produkt\/morchel-likoer\/#breadcrumb\"},\"inLanguage\":\"de\",\"potentialAction\":[{\"@type\":\"ReadAction\",\"target\":[\"https:\/\/jb-morilles.ch\/de\/produkt\/morchel-likoer\/\"]}]},{\"@type\":\"ImageObject\",\"inLanguage\":\"de\",\"@id\":\"https:\/\/jb-morilles.ch\/de\/produkt\/morchel-likoer\/#primaryimage\",\"url\":\"https:\/\/jb-morilles.ch\/wp-content\/uploads\/2025\/10\/42liqueurdemorillesjbmorilles.jpg\",\"contentUrl\":\"https:\/\/jb-morilles.ch\/wp-content\/uploads\/2025\/10\/42liqueurdemorillesjbmorilles.jpg\",\"width\":600,\"height\":600,\"caption\":\"42-liqueur-de-morilles-jb-morilles\"},{\"@type\":\"BreadcrumbList\",\"@id\":\"https:\/\/jb-morilles.ch\/de\/produkt\/morchel-likoer\/#breadcrumb\",\"itemListElement\":[{\"@type\":\"ListItem\",\"position\":1,\"name\":\"Accueil\",\"item\":\"https:\/\/jb-morilles.ch\/de\/\"},{\"@type\":\"ListItem\",\"position\":2,\"name\":\"Shop\",\"item\":\"https:\/\/jb-morilles.ch\/de\/shop\/\"},{\"@type\":\"ListItem\",\"position\":3,\"name\":\"Morchel-Likoer\"}]},{\"@type\":\"WebSite\",\"@id\":\"https:\/\/jb-morilles.ch\/de\/#website\",\"url\":\"https:\/\/jb-morilles.ch\/de\/\",\"name\":\"JB Morilles\",\"description\":\"\",\"publisher\":{\"@id\":\"https:\/\/jb-morilles.ch\/de\/#organization\"},\"potentialAction\":[{\"@type\":\"SearchAction\",\"target\":{\"@type\":\"EntryPoint\",\"urlTemplate\":\"https:\/\/jb-morilles.ch\/de\/?s={search_term_string}\"},\"query-input\":{\"@type\":\"PropertyValueSpecification\",\"valueRequired\":true,\"valueName\":\"search_term_string\"}}],\"inLanguage\":\"de\"},{\"@type\":\"Organization\",\"@id\":\"https:\/\/jb-morilles.ch\/de\/#organization\",\"name\":\"JB Morilles\",\"url\":\"https:\/\/jb-morilles.ch\/de\/\",\"logo\":{\"@type\":\"ImageObject\",\"inLanguage\":\"de\",\"@id\":\"https:\/\/jb-morilles.ch\/de\/#\/schema\/logo\/image\/\",\"url\":\"https:\/\/jb-morilles.ch\/wp-content\/uploads\/2025\/11\/jbm-logo-sm.png\",\"contentUrl\":\"https:\/\/jb-morilles.ch\/wp-content\/uploads\/2025\/11\/jbm-logo-sm.png\",\"width\":400,\"height\":400,\"caption\":\"JB Morilles\"},\"image\":{\"@id\":\"https:\/\/jb-morilles.ch\/de\/#\/schema\/logo\/image\/\"},\"sameAs\":[\"https:\/\/www.facebook.com\/jbmorilles\/\"]}]}<\/script>\n<!-- \/ Yoast SEO plugin. -->","yoast_head_json":{"title":"Morchel-Likoer &#8211; JB Morilles","description":"Dieses Spezialprodukt ist eine Exklusivit\u00e4t von JB-Morcheln. Hier wird Phantasie und Leidenschaft f\u00fcrs Kochen oder einfach eine neue Entdeckung gefragt. Morchel-Saucen, Desserts, Abl\u00f6schen und Flambieren von Fleisch oder G\u00e4nse-Leber. Kurz, alles ist erlaubt!","robots":{"index":"index","follow":"follow","max-snippet":"max-snippet:-1","max-image-preview":"max-image-preview:large","max-video-preview":"max-video-preview:-1"},"canonical":"https:\/\/jb-morilles.ch\/de\/produkt\/morchel-likoer\/","og_locale":"de_DE","og_type":"article","og_title":"Morchel-Likoer &#8211; JB Morilles","og_description":"Dieses Spezialprodukt ist eine Exklusivit\u00e4t von JB-Morcheln. Hier wird Phantasie und Leidenschaft f\u00fcrs Kochen oder einfach eine neue Entdeckung gefragt. Morchel-Saucen, Desserts, Abl\u00f6schen und Flambieren von Fleisch oder G\u00e4nse-Leber. Kurz, alles ist erlaubt!","og_url":"https:\/\/jb-morilles.ch\/de\/produkt\/morchel-likoer\/","og_site_name":"JB Morilles","article_publisher":"https:\/\/www.facebook.com\/jbmorilles\/","article_modified_time":"2018-03-16T06:17:49+00:00","og_image":[{"width":600,"height":600,"url":"https:\/\/jb-morilles.ch\/wp-content\/uploads\/2025\/10\/42liqueurdemorillesjbmorilles.jpg","type":"image\/jpeg"}],"twitter_card":"summary_large_image","schema":{"@context":"https:\/\/schema.org","@graph":[{"@type":"WebPage","@id":"https:\/\/jb-morilles.ch\/de\/produkt\/morchel-likoer\/","url":"https:\/\/jb-morilles.ch\/de\/produkt\/morchel-likoer\/","name":"Morchel-Likoer &#8211; JB Morilles","isPartOf":{"@id":"https:\/\/jb-morilles.ch\/de\/#website"},"primaryImageOfPage":{"@id":"https:\/\/jb-morilles.ch\/de\/produkt\/morchel-likoer\/#primaryimage"},"image":{"@id":"https:\/\/jb-morilles.ch\/de\/produkt\/morchel-likoer\/#primaryimage"},"thumbnailUrl":"https:\/\/jb-morilles.ch\/wp-content\/uploads\/2025\/10\/42liqueurdemorillesjbmorilles.jpg","datePublished":"2018-03-16T05:17:49+00:00","dateModified":"2018-03-16T06:17:49+00:00","description":"Dieses Spezialprodukt ist eine Exklusivit\u00e4t von JB-Morcheln. Hier wird Phantasie und Leidenschaft f\u00fcrs Kochen oder einfach eine neue Entdeckung gefragt. Morchel-Saucen, Desserts, Abl\u00f6schen und Flambieren von Fleisch oder G\u00e4nse-Leber. Kurz, alles ist erlaubt!","breadcrumb":{"@id":"https:\/\/jb-morilles.ch\/de\/produkt\/morchel-likoer\/#breadcrumb"},"inLanguage":"de","potentialAction":[{"@type":"ReadAction","target":["https:\/\/jb-morilles.ch\/de\/produkt\/morchel-likoer\/"]}]},{"@type":"ImageObject","inLanguage":"de","@id":"https:\/\/jb-morilles.ch\/de\/produkt\/morchel-likoer\/#primaryimage","url":"https:\/\/jb-morilles.ch\/wp-content\/uploads\/2025\/10\/42liqueurdemorillesjbmorilles.jpg","contentUrl":"https:\/\/jb-morilles.ch\/wp-content\/uploads\/2025\/10\/42liqueurdemorillesjbmorilles.jpg","width":600,"height":600,"caption":"42-liqueur-de-morilles-jb-morilles"},{"@type":"BreadcrumbList","@id":"https:\/\/jb-morilles.ch\/de\/produkt\/morchel-likoer\/#breadcrumb","itemListElement":[{"@type":"ListItem","position":1,"name":"Accueil","item":"https:\/\/jb-morilles.ch\/de\/"},{"@type":"ListItem","position":2,"name":"Shop","item":"https:\/\/jb-morilles.ch\/de\/shop\/"},{"@type":"ListItem","position":3,"name":"Morchel-Likoer"}]},{"@type":"WebSite","@id":"https:\/\/jb-morilles.ch\/de\/#website","url":"https:\/\/jb-morilles.ch\/de\/","name":"JB Morilles","description":"","publisher":{"@id":"https:\/\/jb-morilles.ch\/de\/#organization"},"potentialAction":[{"@type":"SearchAction","target":{"@type":"EntryPoint","urlTemplate":"https:\/\/jb-morilles.ch\/de\/?s={search_term_string}"},"query-input":{"@type":"PropertyValueSpecification","valueRequired":true,"valueName":"search_term_string"}}],"inLanguage":"de"},{"@type":"Organization","@id":"https:\/\/jb-morilles.ch\/de\/#organization","name":"JB Morilles","url":"https:\/\/jb-morilles.ch\/de\/","logo":{"@type":"ImageObject","inLanguage":"de","@id":"https:\/\/jb-morilles.ch\/de\/#\/schema\/logo\/image\/","url":"https:\/\/jb-morilles.ch\/wp-content\/uploads\/2025\/11\/jbm-logo-sm.png","contentUrl":"https:\/\/jb-morilles.ch\/wp-content\/uploads\/2025\/11\/jbm-logo-sm.png","width":400,"height":400,"caption":"JB Morilles"},"image":{"@id":"https:\/\/jb-morilles.ch\/de\/#\/schema\/logo\/image\/"},"sameAs":["https:\/\/www.facebook.com\/jbmorilles\/"]}]}},"_links":{"self":[{"href":"https:\/\/jb-morilles.ch\/de\/wp-json\/wp\/v2\/product\/1345","targetHints":{"allow":["GET"]}}],"collection":[{"href":"https:\/\/jb-morilles.ch\/de\/wp-json\/wp\/v2\/product"}],"about":[{"href":"https:\/\/jb-morilles.ch\/de\/wp-json\/wp\/v2\/types\/product"}],"replies":[{"embeddable":true,"href":"https:\/\/jb-morilles.ch\/de\/wp-json\/wp\/v2\/comments?post=1345"}],"wp:featuredmedia":[{"embeddable":true,"href":"https:\/\/jb-morilles.ch\/de\/wp-json\/wp\/v2\/media\/7422"}],"wp:attachment":[{"href":"https:\/\/jb-morilles.ch\/de\/wp-json\/wp\/v2\/media?parent=1345"}],"wp:term":[{"taxonomy":"product_brand","embeddable":true,"href":"https:\/\/jb-morilles.ch\/de\/wp-json\/wp\/v2\/product_brand?post=1345"},{"taxonomy":"product_cat","embeddable":true,"href":"https:\/\/jb-morilles.ch\/de\/wp-json\/wp\/v2\/product_cat?post=1345"},{"taxonomy":"product_tag","embeddable":true,"href":"https:\/\/jb-morilles.ch\/de\/wp-json\/wp\/v2\/product_tag?post=1345"},{"taxonomy":"product_label","embeddable":true,"href":"https:\/\/jb-morilles.ch\/de\/wp-json\/wp\/v2\/product_label?post=1345"}],"curies":[{"name":"wp","href":"https:\/\/api.w.org\/{rel}","templated":true}]}}