{"id":1305,"date":"2016-03-19T16:44:32","date_gmt":"2016-03-19T15:44:32","guid":{"rendered":"https:\/\/jb-morilles.ch\/?product=wald-mischung-pulver"},"modified":"2025-11-12T13:54:58","modified_gmt":"2025-11-12T12:54:58","slug":"wald-mischung-pulver","status":"publish","type":"product","link":"https:\/\/jb-morilles.ch\/de\/produkt\/wald-mischung-pulver\/","title":{"rendered":"Wald-Mischung-Pulver"},"content":{"rendered":"<p>Ein schmackhaftes Pulver aus den besten Wald-Pilzen, Ein bis zwei Kaffeel\u00f6ffel mit 2,5dl Rahm mischen, dann mit Salz und Pfeffer w\u00fcrzen. Auf kleinem Feuer k\u00f6cheln, vom Feuer nehmen und ziehen lassen, dann vor dem Servieren nochmals aufw\u00e4rmen. Schon bereit!<\/p>\n<p>Netto-Gewicht: 20g<br \/>Herkunft: Kanada und Europa<\/p>\n","protected":false},"excerpt":{"rendered":"<p>Ein schmackhaftes Pulver aus den besten Wald-Pilzen, Ein bis zwei Kaffeel\u00f6ffel mit 2,5dl Rahm mischen, dann mit Salz und Pfeffer w\u00fcrzen. Auf kleinem Feuer k\u00f6cheln, vom Feuer nehmen und ziehen lassen, dann vor dem Servieren nochmals aufw\u00e4rmen. Schon bereit!<\/p>\n<p>Netto-Gewicht: 20g<br \/>Herkunft: Kanada und Europa<\/p>\n","protected":false},"featured_media":7399,"comment_status":"open","ping_status":"closed","template":"","meta":{"_acf_changed":false,"wprm-recipe-roundup-name":"","wprm-recipe-roundup-description":""},"product_brand":[],"product_cat":[410],"product_tag":[],"product_label":[],"class_list":{"0":"post-1305","1":"product","2":"type-product","3":"status-publish","4":"has-post-thumbnail","6":"product_cat-auswahl","8":"first","9":"instock","10":"taxable","11":"shipping-taxable","12":"purchasable","13":"product-type-simple"},"acf":[],"yoast_head":"<!-- This site is optimized with the Yoast SEO plugin v27.2 - https:\/\/yoast.com\/product\/yoast-seo-wordpress\/ -->\n<title>Poudre m\u00e9lange des bois<\/title>\n<meta name=\"description\" content=\"Ein schmackhaftes Pulver aus den besten Wald-Pilzen, Ein bis zwei Kaffeel\u00f6ffel mit 2,5dl Rahm mischen, dann mit Salz und Pfeffer w\u00fcrzen. Auf kleinem Feuer k\u00f6cheln, vom Feuer nehmen und ziehen lassen, dann vor dem Servieren nochmals aufw\u00e4rmen. Schon bereit !\" \/>\n<meta name=\"robots\" content=\"index, follow, max-snippet:-1, max-image-preview:large, max-video-preview:-1\" \/>\n<link rel=\"canonical\" href=\"https:\/\/jb-morilles.ch\/de\/produkt\/wald-mischung-pulver\/\" \/>\n<meta property=\"og:locale\" content=\"de_DE\" \/>\n<meta property=\"og:type\" content=\"article\" \/>\n<meta property=\"og:title\" content=\"Poudre m\u00e9lange des bois\" \/>\n<meta property=\"og:description\" content=\"Ein schmackhaftes Pulver aus den besten Wald-Pilzen, Ein bis zwei Kaffeel\u00f6ffel mit 2,5dl Rahm mischen, dann mit Salz und Pfeffer w\u00fcrzen. Auf kleinem Feuer k\u00f6cheln, vom Feuer nehmen und ziehen lassen, dann vor dem Servieren nochmals aufw\u00e4rmen. Schon bereit !\" \/>\n<meta property=\"og:url\" content=\"https:\/\/jb-morilles.ch\/de\/produkt\/wald-mischung-pulver\/\" \/>\n<meta property=\"og:site_name\" content=\"JB Morilles\" \/>\n<meta property=\"article:publisher\" content=\"https:\/\/www.facebook.com\/jbmorilles\/\" \/>\n<meta property=\"article:modified_time\" content=\"2025-11-12T12:54:58+00:00\" \/>\n<meta property=\"og:image\" content=\"https:\/\/jb-morilles.ch\/wp-content\/uploads\/2025\/10\/36poudremelangesboisjbmorilles.jpg\" \/>\n\t<meta property=\"og:image:width\" content=\"600\" \/>\n\t<meta property=\"og:image:height\" content=\"600\" \/>\n\t<meta property=\"og:image:type\" content=\"image\/jpeg\" \/>\n<meta name=\"twitter:card\" content=\"summary_large_image\" \/>\n<script type=\"application\/ld+json\" class=\"yoast-schema-graph\">{\"@context\":\"https:\/\/schema.org\",\"@graph\":[{\"@type\":\"WebPage\",\"@id\":\"https:\/\/jb-morilles.ch\/de\/produkt\/wald-mischung-pulver\/\",\"url\":\"https:\/\/jb-morilles.ch\/de\/produkt\/wald-mischung-pulver\/\",\"name\":\"Poudre m\u00e9lange des bois\",\"isPartOf\":{\"@id\":\"https:\/\/jb-morilles.ch\/de\/#website\"},\"primaryImageOfPage\":{\"@id\":\"https:\/\/jb-morilles.ch\/de\/produkt\/wald-mischung-pulver\/#primaryimage\"},\"image\":{\"@id\":\"https:\/\/jb-morilles.ch\/de\/produkt\/wald-mischung-pulver\/#primaryimage\"},\"thumbnailUrl\":\"https:\/\/jb-morilles.ch\/wp-content\/uploads\/2025\/10\/36poudremelangesboisjbmorilles.jpg\",\"datePublished\":\"2016-03-19T15:44:32+00:00\",\"dateModified\":\"2025-11-12T12:54:58+00:00\",\"description\":\"Ein schmackhaftes Pulver aus den besten Wald-Pilzen, Ein bis zwei Kaffeel\u00f6ffel mit 2,5dl Rahm mischen, dann mit Salz und Pfeffer w\u00fcrzen. Auf kleinem Feuer k\u00f6cheln, vom Feuer nehmen und ziehen lassen, dann vor dem Servieren nochmals aufw\u00e4rmen. Schon bereit !\",\"breadcrumb\":{\"@id\":\"https:\/\/jb-morilles.ch\/de\/produkt\/wald-mischung-pulver\/#breadcrumb\"},\"inLanguage\":\"de\",\"potentialAction\":[{\"@type\":\"ReadAction\",\"target\":[\"https:\/\/jb-morilles.ch\/de\/produkt\/wald-mischung-pulver\/\"]}]},{\"@type\":\"ImageObject\",\"inLanguage\":\"de\",\"@id\":\"https:\/\/jb-morilles.ch\/de\/produkt\/wald-mischung-pulver\/#primaryimage\",\"url\":\"https:\/\/jb-morilles.ch\/wp-content\/uploads\/2025\/10\/36poudremelangesboisjbmorilles.jpg\",\"contentUrl\":\"https:\/\/jb-morilles.ch\/wp-content\/uploads\/2025\/10\/36poudremelangesboisjbmorilles.jpg\",\"width\":600,\"height\":600,\"caption\":\"36-poudre-melanges-bois-jb-morilles\"},{\"@type\":\"BreadcrumbList\",\"@id\":\"https:\/\/jb-morilles.ch\/de\/produkt\/wald-mischung-pulver\/#breadcrumb\",\"itemListElement\":[{\"@type\":\"ListItem\",\"position\":1,\"name\":\"Accueil\",\"item\":\"https:\/\/jb-morilles.ch\/de\/\"},{\"@type\":\"ListItem\",\"position\":2,\"name\":\"Shop\",\"item\":\"https:\/\/jb-morilles.ch\/de\/shop\/\"},{\"@type\":\"ListItem\",\"position\":3,\"name\":\"Wald-Mischung-Pulver\"}]},{\"@type\":\"WebSite\",\"@id\":\"https:\/\/jb-morilles.ch\/de\/#website\",\"url\":\"https:\/\/jb-morilles.ch\/de\/\",\"name\":\"JB Morilles\",\"description\":\"\",\"publisher\":{\"@id\":\"https:\/\/jb-morilles.ch\/de\/#organization\"},\"potentialAction\":[{\"@type\":\"SearchAction\",\"target\":{\"@type\":\"EntryPoint\",\"urlTemplate\":\"https:\/\/jb-morilles.ch\/de\/?s={search_term_string}\"},\"query-input\":{\"@type\":\"PropertyValueSpecification\",\"valueRequired\":true,\"valueName\":\"search_term_string\"}}],\"inLanguage\":\"de\"},{\"@type\":\"Organization\",\"@id\":\"https:\/\/jb-morilles.ch\/de\/#organization\",\"name\":\"JB Morilles\",\"url\":\"https:\/\/jb-morilles.ch\/de\/\",\"logo\":{\"@type\":\"ImageObject\",\"inLanguage\":\"de\",\"@id\":\"https:\/\/jb-morilles.ch\/de\/#\/schema\/logo\/image\/\",\"url\":\"https:\/\/jb-morilles.ch\/wp-content\/uploads\/2025\/11\/jbm-logo-sm.png\",\"contentUrl\":\"https:\/\/jb-morilles.ch\/wp-content\/uploads\/2025\/11\/jbm-logo-sm.png\",\"width\":400,\"height\":400,\"caption\":\"JB Morilles\"},\"image\":{\"@id\":\"https:\/\/jb-morilles.ch\/de\/#\/schema\/logo\/image\/\"},\"sameAs\":[\"https:\/\/www.facebook.com\/jbmorilles\/\"]}]}<\/script>\n<!-- \/ Yoast SEO plugin. -->","yoast_head_json":{"title":"Poudre m\u00e9lange des bois","description":"Ein schmackhaftes Pulver aus den besten Wald-Pilzen, Ein bis zwei Kaffeel\u00f6ffel mit 2,5dl Rahm mischen, dann mit Salz und Pfeffer w\u00fcrzen. Auf kleinem Feuer k\u00f6cheln, vom Feuer nehmen und ziehen lassen, dann vor dem Servieren nochmals aufw\u00e4rmen. Schon bereit !","robots":{"index":"index","follow":"follow","max-snippet":"max-snippet:-1","max-image-preview":"max-image-preview:large","max-video-preview":"max-video-preview:-1"},"canonical":"https:\/\/jb-morilles.ch\/de\/produkt\/wald-mischung-pulver\/","og_locale":"de_DE","og_type":"article","og_title":"Poudre m\u00e9lange des bois","og_description":"Ein schmackhaftes Pulver aus den besten Wald-Pilzen, Ein bis zwei Kaffeel\u00f6ffel mit 2,5dl Rahm mischen, dann mit Salz und Pfeffer w\u00fcrzen. Auf kleinem Feuer k\u00f6cheln, vom Feuer nehmen und ziehen lassen, dann vor dem Servieren nochmals aufw\u00e4rmen. Schon bereit !","og_url":"https:\/\/jb-morilles.ch\/de\/produkt\/wald-mischung-pulver\/","og_site_name":"JB Morilles","article_publisher":"https:\/\/www.facebook.com\/jbmorilles\/","article_modified_time":"2025-11-12T12:54:58+00:00","og_image":[{"width":600,"height":600,"url":"https:\/\/jb-morilles.ch\/wp-content\/uploads\/2025\/10\/36poudremelangesboisjbmorilles.jpg","type":"image\/jpeg"}],"twitter_card":"summary_large_image","schema":{"@context":"https:\/\/schema.org","@graph":[{"@type":"WebPage","@id":"https:\/\/jb-morilles.ch\/de\/produkt\/wald-mischung-pulver\/","url":"https:\/\/jb-morilles.ch\/de\/produkt\/wald-mischung-pulver\/","name":"Poudre m\u00e9lange des bois","isPartOf":{"@id":"https:\/\/jb-morilles.ch\/de\/#website"},"primaryImageOfPage":{"@id":"https:\/\/jb-morilles.ch\/de\/produkt\/wald-mischung-pulver\/#primaryimage"},"image":{"@id":"https:\/\/jb-morilles.ch\/de\/produkt\/wald-mischung-pulver\/#primaryimage"},"thumbnailUrl":"https:\/\/jb-morilles.ch\/wp-content\/uploads\/2025\/10\/36poudremelangesboisjbmorilles.jpg","datePublished":"2016-03-19T15:44:32+00:00","dateModified":"2025-11-12T12:54:58+00:00","description":"Ein schmackhaftes Pulver aus den besten Wald-Pilzen, Ein bis zwei Kaffeel\u00f6ffel mit 2,5dl Rahm mischen, dann mit Salz und Pfeffer w\u00fcrzen. Auf kleinem Feuer k\u00f6cheln, vom Feuer nehmen und ziehen lassen, dann vor dem Servieren nochmals aufw\u00e4rmen. Schon bereit !","breadcrumb":{"@id":"https:\/\/jb-morilles.ch\/de\/produkt\/wald-mischung-pulver\/#breadcrumb"},"inLanguage":"de","potentialAction":[{"@type":"ReadAction","target":["https:\/\/jb-morilles.ch\/de\/produkt\/wald-mischung-pulver\/"]}]},{"@type":"ImageObject","inLanguage":"de","@id":"https:\/\/jb-morilles.ch\/de\/produkt\/wald-mischung-pulver\/#primaryimage","url":"https:\/\/jb-morilles.ch\/wp-content\/uploads\/2025\/10\/36poudremelangesboisjbmorilles.jpg","contentUrl":"https:\/\/jb-morilles.ch\/wp-content\/uploads\/2025\/10\/36poudremelangesboisjbmorilles.jpg","width":600,"height":600,"caption":"36-poudre-melanges-bois-jb-morilles"},{"@type":"BreadcrumbList","@id":"https:\/\/jb-morilles.ch\/de\/produkt\/wald-mischung-pulver\/#breadcrumb","itemListElement":[{"@type":"ListItem","position":1,"name":"Accueil","item":"https:\/\/jb-morilles.ch\/de\/"},{"@type":"ListItem","position":2,"name":"Shop","item":"https:\/\/jb-morilles.ch\/de\/shop\/"},{"@type":"ListItem","position":3,"name":"Wald-Mischung-Pulver"}]},{"@type":"WebSite","@id":"https:\/\/jb-morilles.ch\/de\/#website","url":"https:\/\/jb-morilles.ch\/de\/","name":"JB Morilles","description":"","publisher":{"@id":"https:\/\/jb-morilles.ch\/de\/#organization"},"potentialAction":[{"@type":"SearchAction","target":{"@type":"EntryPoint","urlTemplate":"https:\/\/jb-morilles.ch\/de\/?s={search_term_string}"},"query-input":{"@type":"PropertyValueSpecification","valueRequired":true,"valueName":"search_term_string"}}],"inLanguage":"de"},{"@type":"Organization","@id":"https:\/\/jb-morilles.ch\/de\/#organization","name":"JB Morilles","url":"https:\/\/jb-morilles.ch\/de\/","logo":{"@type":"ImageObject","inLanguage":"de","@id":"https:\/\/jb-morilles.ch\/de\/#\/schema\/logo\/image\/","url":"https:\/\/jb-morilles.ch\/wp-content\/uploads\/2025\/11\/jbm-logo-sm.png","contentUrl":"https:\/\/jb-morilles.ch\/wp-content\/uploads\/2025\/11\/jbm-logo-sm.png","width":400,"height":400,"caption":"JB Morilles"},"image":{"@id":"https:\/\/jb-morilles.ch\/de\/#\/schema\/logo\/image\/"},"sameAs":["https:\/\/www.facebook.com\/jbmorilles\/"]}]}},"_links":{"self":[{"href":"https:\/\/jb-morilles.ch\/de\/wp-json\/wp\/v2\/product\/1305","targetHints":{"allow":["GET"]}}],"collection":[{"href":"https:\/\/jb-morilles.ch\/de\/wp-json\/wp\/v2\/product"}],"about":[{"href":"https:\/\/jb-morilles.ch\/de\/wp-json\/wp\/v2\/types\/product"}],"replies":[{"embeddable":true,"href":"https:\/\/jb-morilles.ch\/de\/wp-json\/wp\/v2\/comments?post=1305"}],"wp:featuredmedia":[{"embeddable":true,"href":"https:\/\/jb-morilles.ch\/de\/wp-json\/wp\/v2\/media\/7399"}],"wp:attachment":[{"href":"https:\/\/jb-morilles.ch\/de\/wp-json\/wp\/v2\/media?parent=1305"}],"wp:term":[{"taxonomy":"product_brand","embeddable":true,"href":"https:\/\/jb-morilles.ch\/de\/wp-json\/wp\/v2\/product_brand?post=1305"},{"taxonomy":"product_cat","embeddable":true,"href":"https:\/\/jb-morilles.ch\/de\/wp-json\/wp\/v2\/product_cat?post=1305"},{"taxonomy":"product_tag","embeddable":true,"href":"https:\/\/jb-morilles.ch\/de\/wp-json\/wp\/v2\/product_tag?post=1305"},{"taxonomy":"product_label","embeddable":true,"href":"https:\/\/jb-morilles.ch\/de\/wp-json\/wp\/v2\/product_label?post=1305"}],"curies":[{"name":"wp","href":"https:\/\/api.w.org\/{rel}","templated":true}]}}